{"id":873,"date":"2014-04-07T10:15:01","date_gmt":"2014-04-07T09:15:01","guid":{"rendered":"http:\/\/www.esglesiarubi.org\/esglesia\/?page_id=873"},"modified":"2014-04-07T10:32:06","modified_gmt":"2014-04-07T09:32:06","slug":"jesus-volia-canviar-el-mon","status":"publish","type":"page","link":"https:\/\/www.esglesiarubi.org\/esglesia\/reflexiones-escritas\/jesus-volia-canviar-el-mon\/","title":{"rendered":"Jes\u00fas volia canviar el m\u00f3n?"},"content":{"rendered":"<p>Lluc 19:28-40<\/p>\n<p>Aquest relat de Lluc ens explica aquell dia que Jes\u00fas de Natzaret va entrar per les portes de Jerusalem, i va ser rebut com un rei, millor dit, com el Messies enviat per D\u00e9u. Per\u00f2 clar, a aquestes al\u00e7ades ja sabem que la hist\u00f2ria no va acabar molt b\u00e9, que en menys d\u2019una setmana aquest Jes\u00fas de Natzaret que va ser rebut com un veritable rei, va acabar jutjat, apallissat i crucificat pels romans.<\/p>\n<p>Potser lo primer que haur\u00edem de pensar es, c\u00f3m va ser possible que aquella gent aclam\u00e9s com a rei a un mestre ambulant de Natzaret? Podia sortir alguna cosa bona d\u2019aquell poble del nord on els jueus no eren tan purs i ortodoxes com els de Jerusalem? Si recordeu el relat de quan Jes\u00fas va multiplicar els pa per alimentar a 5.000 homes, m\u00e9s les dones i els nens, potser recordeu que llavors va ser quan van decidir que Jes\u00fas havia de ser el rei. Per\u00f2 Jes\u00fas no va acceptar i es va marxar.<\/p>\n<p>Molts cops anem a Jes\u00fas amb unes expectatives err\u00f2nies, hi ha qui pensa que Jes\u00fas els ha de curar de les seves malalties, hi ha qui pensa que Jes\u00fas els hi ha de donar una feina, o calers per pagar l\u2019hipoteca. Hi ha qui pensa que Jes\u00fas ens ha de donar una esgl\u00e9sia perfecte i santa, o un marit o una muller, o qu\u00e8 s\u00e9 jo, moltes coses. Aquell dia, en un temps de profunda crisi econ\u00f2mica i social, la gent que esperava a Jes\u00fas, pensava que ell venia per fer fora a l\u2019Imperi, per portar menjar en un temps de molta fam, i sobre tot per comen\u00e7ar aquell esperat regne a on Israel fos aquell estat que, amb el poder de D\u00e9u, govern\u00e9s el m\u00f3n i port\u00e9s la seva just\u00edcia a reu.<\/p>\n<p>El poble d&#8217;Israel s&#8217;havia fet un rei a la seva imatge i semblan\u00e7a que res tenia a veure amb el regnar de D\u00e9u que va predicar Jes\u00fas: un regne que transcendeix la ra\u00e7a, les fronteres, que transcendeix la pr\u00f2pia llei amb el poder de l&#8217;Esperit que \u00e9s vessat sobre jueus i gentils i sobre tothom per fer un sol poble per D\u00e9u.<\/p>\n<p>Per\u00f2 aquesta multitud que el va seguir fins a Jerusalem, i havia posat les seves expectatives en ell, no tenien o\u00efdes per a escoltar el missatge de l&#8217;evangeli. I la gran decepci\u00f3 que va suposar veure al que havia de jutjar als pagans, jutjat pels romans, al que havia d&#8217;alliberar el poble, sota el jou de l&#8217;imperi, humiliat; aquest havia de pagar el preu de no haver volgut ser el tipus de rei que ells volien. I ho havia de pagar amb la creu. La gran decepci\u00f3 que aix\u00f2 va suposar, va precipitar que es trenqu\u00e9s aquesta fr\u00e0gil barrera que de vegades hi ha entre l&#8217;amor i l&#8217;odi.<\/p>\n<p>Aquell que ja \u00e9s Rei ha vingut a obrir les portes del seu regne perqu\u00e8 els homes puguin entrar, per\u00f2 en la seva ceguesa, els homes intenten convertir-lo en el rei que ells esperaven, per tant no aconseguiran tenir el rei que esperaven i perdran el regne que Ell els ofereix.<\/p>\n<p>\u00c9s molt possible que en aquests temps tant durs hagis tingut l\u2019oportunitat de sentir-te decebut per D\u00e9u, decebut per Jes\u00fas. Potser no t\u2019ha donat lo que esperaves d\u2019ell, potser no entens com \u00e9s possible que aquest rei que ho pot fer tot, tant sovint no faci res. Per\u00f2 Jes\u00fas no va venir per canviar aquest m\u00f3n com l\u2019hagu\u00e9ssim canviat tu o jo, sin\u00f3 m\u00e9s aviat per canviar-nos a nosaltres. Jes\u00fas va oferir la seva vida sencera per oferir a un D\u00e9u molt diferent del que ens pens\u00e0vem.<\/p>\n<p>Potser \u00e9s m\u00e9s un anti-D\u00e9u. El D\u00e9u de Jes\u00fas pateix amb nosaltres fins a morir amb nosaltres, per poder donar-nos una nova forma de viure, una vida plena de llibertat i amor, una vida aix\u00ed potser s\u00ed podr\u00e0 canviar el m\u00f3n.<\/p>\n","protected":false},"excerpt":{"rendered":"<p>Lluc 19:28-40 Aquest relat de Lluc ens explica aquell dia que Jes\u00fas de Natzaret va entrar per les portes de Jerusalem, i va ser rebut com un rei, millor dit, com el Messies enviat per D\u00e9u. Per\u00f2 clar, a aquestes al\u00e7ades ja sabem que la hist\u00f2ria no va acabar molt b\u00e9, que en menys d\u2019una &#8230; <span class=\"more\"><a class=\"more-link\" href=\"https:\/\/www.esglesiarubi.org\/esglesia\/reflexiones-escritas\/jesus-volia-canviar-el-mon\/\">[Llegir m\u00e9s&#8230;]<\/a><\/span><\/p>\n","protected":false},"author":3,"featured_media":0,"parent":587,"menu_order":0,"comment_status":"open","ping_status":"open","template":"","meta":{"jetpack_post_was_ever_published":false,"footnotes":""},"class_list":["entry","page","publish","author-pastorrubi","post-873"],"aioseo_notices":[],"jetpack_sharing_enabled":true,"jetpack_shortlink":"https:\/\/wp.me\/P8020h-e5","_links":{"self":[{"href":"https:\/\/www.esglesiarubi.org\/esglesia\/wp-json\/wp\/v2\/pages\/873","targetHints":{"allow":["GET"]}}],"collection":[{"href":"https:\/\/www.esglesiarubi.org\/esglesia\/wp-json\/wp\/v2\/pages"}],"about":[{"href":"https:\/\/www.esglesiarubi.org\/esglesia\/wp-json\/wp\/v2\/types\/page"}],"author":[{"embeddable":true,"href":"https:\/\/www.esglesiarubi.org\/esglesia\/wp-json\/wp\/v2\/users\/3"}],"replies":[{"embeddable":true,"href":"https:\/\/www.esglesiarubi.org\/esglesia\/wp-json\/wp\/v2\/comments?post=873"}],"version-history":[{"count":0,"href":"https:\/\/www.esglesiarubi.org\/esglesia\/wp-json\/wp\/v2\/pages\/873\/revisions"}],"up":[{"embeddable":true,"href":"https:\/\/www.esglesiarubi.org\/esglesia\/wp-json\/wp\/v2\/pages\/587"}],"wp:attachment":[{"href":"https:\/\/www.esglesiarubi.org\/esglesia\/wp-json\/wp\/v2\/media?parent=873"}],"curies":[{"name":"wp","href":"https:\/\/api.w.org\/{rel}","templated":true}]}}