{"id":16,"date":"2012-02-17T10:16:25","date_gmt":"2012-02-17T09:16:25","guid":{"rendered":"http:\/\/www.esglesiarubi.org\/esglesia\/?page_id=16"},"modified":"2022-11-03T08:36:55","modified_gmt":"2022-11-03T07:36:55","slug":"fraternadal","status":"publish","type":"page","link":"https:\/\/www.esglesiarubi.org\/esglesia\/fraternadal\/","title":{"rendered":"Fraternadal"},"content":{"rendered":"<address><strong>Sus inicios<\/strong><\/address>\n<address>Frater-Nadal surge en el seno de la iglesia protestante de calle Colon 6 de Rub\u00ed (Barcelona) como una ayuda, sin muchas pretensiones, hacia media docena de personas que pasaban por nuestra comunidad con necesidades econ\u00f3micas.\u00a0Sin ning\u00fan nombre todav\u00eda adquirido, ni entidad establecida, se dedica hacia una serie de familias que participaron o visitaron nuestra congregaci\u00f3n, aunque realmente como iglesia cristiana, estas ayudas siempre existieron desde los a\u00f1os 70.<\/address>\n<address>Sobre el a\u00f1o 1994 nuestro pastor Carlos Cap\u00f3 recibe desde Suiza una carta de petici\u00f3n de ayuda hacia a una familia de Barcelona que estaba en una situaci\u00f3n muy delicada.\u00a0Aproximadamente por un periodo de seis a\u00f1os, algunos miembros de nuestra comunidad se dedicaron a la atenci\u00f3n de estas personas necesitadas, acogi\u00e9ndolas en algunas ocasiones en sus domicilios:Carlos Cap\u00f3, Mari Carmen Sanchez, Esther Cortes y Mer\u00e8 Ibiza.\u00a0Planteamos seriamente el compromiso de iniciar dicha tarea, sabiendo que la continuidad podr\u00eda ser casi ilimitada.Eramos conscientes que ese compromiso alterar\u00eda nuestras vidas y nuestro tiempo libre por un periodo de tiempo ciertamente indefinido.<i>\u00a0<\/i>Estas ayudas empiezan a desbordarnos en especial sobre el a\u00f1o 2000 con la creciente inmigraci\u00f3n especialmente desde America latina y posteriormente de Marruecos.Decidimos as\u00ed pues legalizar nuestra situaci\u00f3n adoptando un nombre identificativo:\u00a0 Fraternadal.\u00a0A principios del a\u00f1o 2000, el grupo se consolida con 12 personas.Por ella han pasado hasta la fecha un total de 87 colaboraciones personales y voluntarios de los cuales 30 permanecen actualmente m\u00e1s o menos estables.\u00a0<\/address>\n<address>\u00a0<\/address>\n<address><strong>\u00bfA que se dedica y como funciona?<\/strong><\/address>\n<address>Fraternadal se dedica prioritariamente al reparto de alimentos entre la gente necesitada de nuestra poblaci\u00f3n en Rubi.<\/address>\n<address>El suministro principal de alimentos proviene de dos entidades:<\/address>\n<address>\u00a0<\/address>\n<address>-FESBAL (Federaci\u00f3n Espa\u00f1ola de Banco de Alimentos)<\/address>\n<address>Alimentos b\u00e1sicos enviados desde la comunidad europea.<\/address>\n<address>4 entregas anuales (1 cada trimestre) desde la Fundaci\u00f3n Banc d\u00b4aliments\u00a0 en la Zona Franca de Barcelona.<\/address>\n<address>\u00a0<\/address>\n<address>-BANCO DE ALIMENTOS (Zona Franca)<\/address>\n<address>12 entregas anuales.<\/address>\n<address>\u00a0<\/address>\n<address>\u00a0<a href=\"http:\/\/www.esglesiarubi.org\/esglesia\/fraternadal\/dsc_0010-2\/\" rel=\"attachment wp-att-522\"><img loading=\"lazy\" decoding=\"async\" class=\"alignnone  wp-image-522\" src=\"http:\/\/www.esglesiarubi.org\/esglesia\/wp-content\/uploads\/2012\/02\/DSC_00101-1024x680.jpg\" alt=\"DSC_0010\" width=\"700\" height=\"500\" \/><\/a><\/address>\n<address>\u00a0<\/address>\n<address>\u00a0<\/address>\n<address>Otros suministros de alimentos paralelamente a los indicados, colaboran con nosotros en aportaciones extras:<\/address>\n<address>\u00a0<\/address>\n<address>-SEVAGRAF, una empresa de Rubi con dos aportaciones anuales en variedades de verduras, legumbres, tomates, sardinas, at\u00fan y otros productos b\u00e1sicos.<\/address>\n<address>-La empresa SERMA del departamento de agricultura de la Generalitat, aporta variedad de fruta durante la temporada.<\/address>\n<address>-La asociaci\u00f3n &#8220;ELS PUNTAIRES DE RUBI&#8221; colaboran con aportaciones mensuales.<\/address>\n<address>-CONDIS-MARIONA de Rubi tambi\u00e9n con aportaciones mensuales.<\/address>\n<address>-Aportaciones de las escuelas Torre de la Llebre, Montessori, Duc de Montblanc, 25 de Setembre, Ca N\u00b4Alzamora, Rivo Rubeo.<\/address>\n<address>Junto a estas colaboraciones, tambi\u00e9n recibimos aportaciones particulares de la misma ciudad<\/address>\n<address>La asociaci\u00f3n &#8220;LA NAU&#8221; de San Boi colabora con aportaciones mensuales en productos de limpieza e higiene.<\/address>\n<address>La Uni\u00f3n Extreme\u00f1a de Rubi con aportaciones de juguetes para las festividades navide\u00f1as.<\/address>\n<address>\u00a0<\/address>\n<address>El Gran Recapta de aliments (&#8220;Operaci\u00f3n Kilo&#8221;) que cada a\u00f1o Carrefour promueve con un auge notable entre los usuarios como donantes y la propia entidad.<\/address>\n<address>\u00a0<\/address>\n<address>\u00a0<\/address>\n<address><strong>ROPERO<\/strong><\/address>\n<address>Como faceta secundaria, Fraternadal se dedica tambi\u00e9n al reparto de ropa, controlando sus entregas peri\u00f3dicamente a las personas inscritas en esta entidad.<\/address>\n<address>Ropa, zapatos, mantas, canastillas, etc.<\/address>\n<address>Este material proviene de donaciones particulares del mismo Rubi.<\/address>\n<address>Peri\u00f3dicamente se selecciona, se clasifica y se guarda en estanter\u00edas.<\/address>\n<address>La ropa que no puede ser almacenada por motivos de excedente o fuera de temporada se dona a otras entidades como Betel.<\/address>\n<address>La ropa que no es apta por motivos de rotura, olor \u00f3 presencia, se lleva a la deixaller\u00eda de Rub\u00ed.<\/address>\n<address>Esta labor se realiza semanal o quincenalmente seg\u00fan la disposici\u00f3n de nuestro personal.<\/address>\n<address>Las entregas de ropa para los inscritos se mantienen actualmente a cada tres meses.<\/address>\n<address>\u00a0<\/address>\n<address><a href=\"http:\/\/www.esglesiarubi.org\/esglesia\/fraternadal\/dsc_0058\/\" rel=\"attachment wp-att-96\"><img loading=\"lazy\" decoding=\"async\" class=\"alignnone  wp-image-96\" src=\"http:\/\/www.esglesiarubi.org\/esglesia\/wp-content\/uploads\/2012\/02\/DSC_0058-1024x680.jpg\" alt=\"DSC_0058\" width=\"700\" height=\"470\" \/><\/a><\/address>\n<address>\u00a0<\/address>\n<address>Otras donaciones constan de libros, juguetes, coches de bebes, carros de la compra, camas y mobiliario de peque\u00f1o tama\u00f1o que tambi\u00e9n es donada por particulares.<\/address>\n<address>Este tipo de material en los \u00faltimos a\u00f1os se ha limitado a un tama\u00f1o reducido, dado que muebles y camas ocupan un espacio excesivo del cual ya no disponemos.<\/address>\n<address>\u00a0<\/address>\n<address>En las fechas navide\u00f1as se aprovecha para el reparto de juguetes un d\u00eda concertado entre los hijos de inmigrantes y necesitados.<\/address>\n<address>Estos repartos generan muchas veces pol\u00e9micas y sentimientos de desigualdad por la dificultad que comporta por nuestra parte para que cada ni\u00f1o reciba su juguete.<\/address>\n<address>\u00a0<\/address>\n<address>Esta misma dificultad se presenta cuando recibimos alimentos puntuales en poca cantidad, como puede ser el aceite.<\/address>\n<address>\u00a0<\/address>\n<address><strong>PROCESO EN LA RECOGIDA DE LOTE DE ALIMENTOS<\/strong><\/address>\n<address>Cada recogida de alimentos es citada previamente a un d\u00eda y hora concertada.<\/address>\n<address>\u00a0<\/address>\n<address><a href=\"http:\/\/www.esglesiarubi.org\/esglesia\/fraternadal\/dsc_0021\/\" rel=\"attachment wp-att-97\"><img loading=\"lazy\" decoding=\"async\" class=\"alignnone  wp-image-97\" src=\"http:\/\/www.esglesiarubi.org\/esglesia\/wp-content\/uploads\/2012\/02\/DSC_0021-1024x680.jpg\" alt=\"DSC_0021\" width=\"700\" height=\"470\" \/><\/a><\/address>\n<address>\u00a0<\/address>\n<address>Seg\u00fan la necesidad y situaci\u00f3n econ\u00f3mica de cada familia, los alimentos se entregan en periodicidades de entre una y cuatro semanas.<\/address>\n<address>El d\u00eda de entrega es el Jueves de 18h a 20h.<\/address>\n<address>\u00a0<\/address>\n<address><a href=\"http:\/\/www.esglesiarubi.org\/esglesia\/fraternadal\/04-img_2739\/\" rel=\"attachment wp-att-121\"><img loading=\"lazy\" decoding=\"async\" class=\"alignnone  wp-image-121\" src=\"http:\/\/www.esglesiarubi.org\/esglesia\/wp-content\/uploads\/2012\/02\/04-IMG_2739-1024x768.jpg\" alt=\"04 IMG_2739\" width=\"700\" height=\"470\" \/><\/a><\/address>\n<address>\u00a0<\/address>\n<address><a href=\"http:\/\/www.esglesiarubi.org\/esglesia\/fraternadal\/dsc_0025\/\" rel=\"attachment wp-att-98\"><img loading=\"lazy\" decoding=\"async\" class=\"alignnone  wp-image-98\" src=\"http:\/\/www.esglesiarubi.org\/esglesia\/wp-content\/uploads\/2012\/02\/DSC_0025-1024x680.jpg\" alt=\"DSC_0025\" width=\"700\" height=\"470\" \/><\/a><\/address>\n<address>\u00a0<\/address>\n<address>Desde el a\u00f1o 2008, y para evitar abusos de duplicidad en las entregas con otras entidades paralelas (como por ejemplo Caritas), se acordaron y pactaron situaciones familiares para ser atendidos por unos u otros.<\/address>\n<address>Durante la recogida de alimentos, se comprueba el d\u00eda y hora de cita, as\u00ed como su documentaci\u00f3n personal.<\/address>\n<address>\u00a0<\/address>\n<address><a href=\"http:\/\/www.esglesiarubi.org\/esglesia\/fraternadal\/06-20110419-085\/\" rel=\"attachment wp-att-122\"><img loading=\"lazy\" decoding=\"async\" class=\"alignnone  wp-image-122\" src=\"http:\/\/www.esglesiarubi.org\/esglesia\/wp-content\/uploads\/2012\/02\/06-20110419-085-1024x682.jpg\" alt=\"06 20110419-085\" width=\"700\" height=\"470\" \/><\/a><\/address>\n<address>\u00a0<\/address>\n<address><a href=\"http:\/\/www.esglesiarubi.org\/esglesia\/fraternadal\/07-dsc_0042\/\" rel=\"attachment wp-att-123\"><img loading=\"lazy\" decoding=\"async\" class=\"alignnone  wp-image-123\" src=\"http:\/\/www.esglesiarubi.org\/esglesia\/wp-content\/uploads\/2012\/02\/07-DSC_0042-1024x680.jpg\" alt=\"07 DSC_0042\" width=\"700\" height=\"470\" \/><\/a><\/address>\n<address>\u00a0<\/address>\n<address>Los lotes de alimentos que entregamos se dividen en lotes tipo A y lotes tipo B.<\/address>\n<address>Esa diferencia se debe a la incorporaci\u00f3n o exclusi\u00f3n de compuestos de cerdo para inmigrantes de origen musulm\u00e1n.<\/address>\n<address>\u00a0<\/address>\n<address><a href=\"http:\/\/www.esglesiarubi.org\/esglesia\/fraternadal\/08-img_2742\/\" rel=\"attachment wp-att-124\"><img loading=\"lazy\" decoding=\"async\" class=\"alignnone  wp-image-124\" src=\"http:\/\/www.esglesiarubi.org\/esglesia\/wp-content\/uploads\/2012\/02\/08-IMG_2742-1024x768.jpg\" alt=\"08 IMG_2742\" width=\"700\" height=\"470\" \/><\/a><\/address>\n<address>\u00a0<\/address>\n<address><a href=\"http:\/\/www.esglesiarubi.org\/esglesia\/fraternadal\/09-dsc_0035\/\" rel=\"attachment wp-att-125\"><img loading=\"lazy\" decoding=\"async\" class=\"alignnone  wp-image-125\" src=\"http:\/\/www.esglesiarubi.org\/esglesia\/wp-content\/uploads\/2012\/02\/09-DSC_0035-1024x680.jpg\" alt=\"09 DSC_0035\" width=\"700\" height=\"470\" \/><\/a><\/address>\n<address>\u00a0<\/address>\n<address>\u00a0<\/address>\n<address>Cada lote de alimentos puede pesar entre 10Kg y 25Kg seg\u00fan las provisiones de que dispongamos.<\/address>\n<address>Actualmente en el a\u00f1o 2012, las visitas de recogidas de alimentos cada martes alcanzan cifras de hasta 300 familias, que bajo un control de cuatro ordenadores simult\u00e1neos y dos puestos de reparto, les abastecemos en un tiempo record de dos horas.<\/address>\n<address>Las entrevistas peri\u00f3dicas a las que constantemente les recordamos y que de ellas depende la recogida de alimentos, tienen una funci\u00f3n de seguimiento y control de cada familia para ampliar o reducir la periodicidad de las entregas de alimentos seg\u00fan su situaci\u00f3n econ\u00f3mica actual.<\/address>\n<address>Estas revisiones peri\u00f3dicas trimestrales, se realizan los Martes de 16h a 20h.<\/address>\n<address>As\u00ed todos los jueves hay una dedicaci\u00f3n de tres horas para unas 12 inscripciones nuevas y para unas 30 revisiones peri\u00f3dicas.<\/address>\n<address>El ayuntamiento colabora con nosotros a trav\u00e9s de la asistenta social.<\/address>\n<address>Ella eval\u00faa cada caso y nos la dirigen a nosotros.<\/address>\n<address>\u00a0<\/address>\n<address><a href=\"http:\/\/www.esglesiarubi.org\/esglesia\/fraternadal\/10-entrevistas-2002-03\/\" rel=\"attachment wp-att-126\"><img loading=\"lazy\" decoding=\"async\" class=\"alignnone  wp-image-126\" src=\"http:\/\/www.esglesiarubi.org\/esglesia\/wp-content\/uploads\/2012\/02\/10-Entrevistas-2002-03-1024x768.jpg\" alt=\"10 Entrevistas 2002-03\" width=\"700\" height=\"470\" \/><\/a><\/address>\n<address>\u00a0<\/address>\n<address><a href=\"http:\/\/www.esglesiarubi.org\/esglesia\/fraternadal\/11-img_2746b\/\" rel=\"attachment wp-att-127\"><img loading=\"lazy\" decoding=\"async\" class=\"alignnone  wp-image-127\" src=\"http:\/\/www.esglesiarubi.org\/esglesia\/wp-content\/uploads\/2012\/02\/11-IMG_2746b-1024x768.jpg\" alt=\"11 IMG_2746b\" width=\"700\" height=\"470\" \/><\/a><\/address>\n<address>\u00a0<\/address>\n<address>\u00a0<\/address>\n<address><strong>\u00bfQu\u00e9 estad\u00edsticas podemos presentar?<\/strong><\/address>\n<address>Por Fraternadal se han inscrito desde el a\u00f1o 1998 y hasta el a\u00f1o 2012, un total de 3168 familias, representados por cada titular y repartidas de la siguiente manera en funci\u00f3n de los a\u00f1os transcurridos:<\/address>\n<address>Inscripciones<\/address>\n<table border=\"1\" cellspacing=\"0\" cellpadding=\"0\">\n<tbody>\n<tr>\n<td valign=\"top\" width=\"72\">\n<address>A\u00f1o<\/address>\n<\/td>\n<td valign=\"top\" width=\"103\">\n<address>Inscritos en dicho a\u00f1o<\/address>\n<\/td>\n<td valign=\"top\" width=\"99\">\n<address>Incremento<\/address>\n<\/td>\n<\/tr>\n<tr>\n<td valign=\"top\" width=\"72\">\n<address>1996<\/address>\n<\/td>\n<td valign=\"top\" width=\"103\">\n<address>4<\/address>\n<\/td>\n<td valign=\"top\" width=\"99\">\n<address>4<\/address>\n<\/td>\n<\/tr>\n<tr>\n<td valign=\"top\" width=\"72\">\n<address>1997<\/address>\n<\/td>\n<td valign=\"top\" width=\"103\">\n<address>3<\/address>\n<\/td>\n<td valign=\"top\" width=\"99\">\n<address>7<\/address>\n<\/td>\n<\/tr>\n<tr>\n<td valign=\"top\" width=\"72\">\n<address>1998<\/address>\n<\/td>\n<td valign=\"top\" width=\"103\">\n<address>2<\/address>\n<\/td>\n<td valign=\"top\" width=\"99\">\n<address>9<\/address>\n<\/td>\n<\/tr>\n<tr>\n<td valign=\"top\" width=\"72\">\n<address>1999<\/address>\n<\/td>\n<td valign=\"top\" width=\"103\">\n<address>7<\/address>\n<\/td>\n<td valign=\"top\" width=\"99\">\n<address>16<\/address>\n<\/td>\n<\/tr>\n<tr>\n<td valign=\"top\" width=\"72\">\n<address>2000<\/address>\n<\/td>\n<td valign=\"top\" width=\"103\">\n<address>63<\/address>\n<\/td>\n<td valign=\"top\" width=\"99\">\n<address>79<\/address>\n<\/td>\n<\/tr>\n<tr>\n<td valign=\"top\" width=\"72\">\n<address>2001<\/address>\n<\/td>\n<td valign=\"top\" width=\"103\">\n<address>499<\/address>\n<\/td>\n<td valign=\"top\" width=\"99\">\n<address>578<\/address>\n<\/td>\n<\/tr>\n<tr>\n<td valign=\"top\" width=\"72\">\n<address>2002<\/address>\n<\/td>\n<td valign=\"top\" width=\"103\">\n<address>413<\/address>\n<\/td>\n<td valign=\"top\" width=\"99\">\n<address>991<\/address>\n<\/td>\n<\/tr>\n<tr>\n<td valign=\"top\" width=\"72\">\n<address>2003<\/address>\n<\/td>\n<td valign=\"top\" width=\"103\">\n<address>384<\/address>\n<\/td>\n<td valign=\"top\" width=\"99\">\n<address>1375<\/address>\n<\/td>\n<\/tr>\n<tr>\n<td valign=\"top\" width=\"72\">\n<address>2004<\/address>\n<\/td>\n<td valign=\"top\" width=\"103\">\n<address>94<\/address>\n<\/td>\n<td valign=\"top\" width=\"99\">\n<address>1469<\/address>\n<\/td>\n<\/tr>\n<tr>\n<td valign=\"top\" width=\"72\">\n<address>2005<\/address>\n<\/td>\n<td valign=\"top\" width=\"103\">\n<address>107<\/address>\n<\/td>\n<td valign=\"top\" width=\"99\">\n<address>1576<\/address>\n<\/td>\n<\/tr>\n<tr>\n<td valign=\"top\" width=\"72\">\n<address>2006<\/address>\n<\/td>\n<td valign=\"top\" width=\"103\">\n<address>139<\/address>\n<\/td>\n<td valign=\"top\" width=\"99\">\n<address>1715<\/address>\n<\/td>\n<\/tr>\n<tr>\n<td valign=\"top\" width=\"72\">\n<address>2007<\/address>\n<\/td>\n<td valign=\"top\" width=\"103\">\n<address>132<\/address>\n<\/td>\n<td valign=\"top\" width=\"99\">\n<address>1847<\/address>\n<\/td>\n<\/tr>\n<tr>\n<td valign=\"top\" width=\"72\">\n<address>2008<\/address>\n<\/td>\n<td valign=\"top\" width=\"103\">\n<address>170<\/address>\n<\/td>\n<td valign=\"top\" width=\"99\">\n<address>2017<\/address>\n<\/td>\n<\/tr>\n<tr>\n<td valign=\"top\" width=\"72\">\n<address>2009<\/address>\n<\/td>\n<td valign=\"top\" width=\"103\">\n<address>198<\/address>\n<\/td>\n<td valign=\"top\" width=\"99\">\n<address>2215<\/address>\n<\/td>\n<\/tr>\n<tr>\n<td valign=\"top\" width=\"72\">\n<address>2010<\/address>\n<\/td>\n<td valign=\"top\" width=\"103\">\n<address>266<\/address>\n<\/td>\n<td valign=\"top\" width=\"99\">\n<address>2481<\/address>\n<\/td>\n<\/tr>\n<tr>\n<td valign=\"top\" width=\"72\">\n<address>2011<\/address>\n<\/td>\n<td valign=\"top\" width=\"103\">\n<address>360<\/address>\n<\/td>\n<td valign=\"top\" width=\"99\">\n<address>2841<\/address>\n<\/td>\n<\/tr>\n<tr>\n<td valign=\"top\" width=\"72\">\n<address>2012<\/address>\n<\/td>\n<td valign=\"top\" width=\"103\">327<\/td>\n<td valign=\"top\" width=\"99\">3168<\/td>\n<\/tr>\n<\/tbody>\n<\/table>\n<address>\u00a0<\/address>\n<address>Entrega de alimentos<\/address>\n<address>Estad\u00edsticas controladas \u00fanicamente desde el a\u00f1o 2005\u00a0<\/address>\n<address>\u00a0<\/address>\n<table border=\"1\" width=\"83%\" cellspacing=\"0\" cellpadding=\"0\">\n<tbody>\n<tr>\n<td valign=\"top\" width=\"13%\">A\u00f1o<\/td>\n<td valign=\"top\" width=\"24%\">Kilos entregados<\/td>\n<td valign=\"top\" width=\"22%\">Lotesentregados<\/td>\n<td valign=\"top\" width=\"21%\">Familias atendidas<\/td>\n<td valign=\"top\" width=\"17%\">Peso porlote<\/td>\n<\/tr>\n<tr>\n<td valign=\"top\" width=\"13%\">2005<\/td>\n<td valign=\"top\" width=\"24%\">30.000Kg<\/td>\n<td valign=\"top\" width=\"22%\">2178<\/td>\n<td valign=\"top\" width=\"21%\">201<\/td>\n<td valign=\"top\" width=\"17%\">13,7Kg<\/td>\n<\/tr>\n<tr>\n<td valign=\"top\" width=\"13%\">2006<\/td>\n<td valign=\"top\" width=\"24%\">55.000Kg<\/td>\n<td valign=\"top\" width=\"22%\">3100<\/td>\n<td valign=\"top\" width=\"21%\">258<\/td>\n<td valign=\"top\" width=\"17%\">17,7Kg<\/td>\n<\/tr>\n<tr>\n<td valign=\"top\" width=\"13%\">2007<\/td>\n<td valign=\"top\" width=\"24%\">96.821Kg<\/td>\n<td valign=\"top\" width=\"22%\">4096<\/td>\n<td valign=\"top\" width=\"21%\">290<\/td>\n<td valign=\"top\" width=\"17%\">23,6Kg<\/td>\n<\/tr>\n<tr>\n<td valign=\"top\" width=\"13%\">2008<\/td>\n<td valign=\"top\" width=\"24%\">102.561Kg<\/td>\n<td valign=\"top\" width=\"22%\">5794<\/td>\n<td valign=\"top\" width=\"21%\">422<\/td>\n<td valign=\"top\" width=\"17%\">17,7Kg<\/td>\n<\/tr>\n<tr>\n<td valign=\"top\" width=\"13%\">2009<\/td>\n<td valign=\"top\" width=\"24%\">204.709Kg<\/td>\n<td valign=\"top\" width=\"22%\">8660<\/td>\n<td valign=\"top\" width=\"21%\">750<\/td>\n<td valign=\"top\" width=\"17%\">23,6Kg<\/td>\n<\/tr>\n<tr>\n<td valign=\"top\" width=\"13%\">2010<\/td>\n<td valign=\"top\" width=\"24%\">250.721Kg<\/td>\n<td valign=\"top\" width=\"22%\">12147<\/td>\n<td valign=\"top\" width=\"21%\">777<\/td>\n<td valign=\"top\" width=\"17%\">20,6Kg<\/td>\n<\/tr>\n<tr>\n<td valign=\"top\" width=\"13%\">2011<\/td>\n<td valign=\"top\" width=\"24%\">234.813Kg<\/td>\n<td valign=\"top\" width=\"22%\">13274<\/td>\n<td valign=\"top\" width=\"21%\">870<\/td>\n<td valign=\"top\" width=\"17%\">17,7Kg<\/td>\n<\/tr>\n<tr>\n<td valign=\"top\" width=\"13%\">2012<\/td>\n<td valign=\"top\" width=\"24%\">246.666Kg<\/td>\n<td valign=\"top\" width=\"22%\">14278<\/td>\n<td valign=\"top\" width=\"21%\">860<\/td>\n<td valign=\"top\" width=\"17%\">17,2Kg<\/td>\n<\/tr>\n<\/tbody>\n<\/table>\n<address><strong>\u00bfQu\u00e9 medios disponemos?<\/strong><\/address>\n<address>Control de datos<\/address>\n<address>Disponemos de un sistema inform\u00e1tico en red con un servidor para el almacenamiento de datos y control de entregas.<\/address>\n<address>Una base de datos nos permite visualizar por cada familia, sus datos personales, familiares inscritos, entrevistas trimestrales, entregas de lotes de comida y entregas de ropa.<\/address>\n<address>\u00a0<\/address>\n<address><a href=\"http:\/\/www.esglesiarubi.org\/esglesia\/fraternadal\/12-img_2735\/\" rel=\"attachment wp-att-128\"><img loading=\"lazy\" decoding=\"async\" class=\"alignnone  wp-image-128\" src=\"http:\/\/www.esglesiarubi.org\/esglesia\/wp-content\/uploads\/2012\/02\/12-IMG_2735-1024x768.jpg\" alt=\"12 IMG_2735\" width=\"700\" height=\"470\" \/><\/a><\/address>\n<address>\u00a0<\/address>\n<address>\u00a0<\/address>\n<address><a href=\"http:\/\/www.esglesiarubi.org\/esglesia\/fraternadal\/13-dsc_0067\/\" rel=\"attachment wp-att-129\"><img loading=\"lazy\" decoding=\"async\" class=\"alignnone  wp-image-129\" src=\"http:\/\/www.esglesiarubi.org\/esglesia\/wp-content\/uploads\/2012\/02\/13-DSC_0067-1024x680.jpg\" alt=\"13 DSC_0067\" width=\"700\" height=\"470\" \/><\/a><\/address>\n<address>\u00a0<\/address>\n<address>En el almac\u00e9n de alimentos hay una nevera industrial, tres neveras dom\u00e9sticas y cuatro congeladores para la conservaci\u00f3n de alimentos.<\/address>\n<address>Algunas de ellas han sido donadas y otras compradas.<\/address>\n<address>Disponemos de dos transpal\u00e9s para el desplazamiento constante de los pal\u00e9s de comida que generalmente invaden las dependencias de nuestro templo.<\/address>\n<address>Indiscutiblemente el mejor medio que Fraternadal dispone es el humano a trav\u00e9s de sus voluntarios que desinteresadamente ofrecen su tiempo semanal para este proyecto.<\/address>\n<address>\u00a0<\/address>\n<address><a href=\"http:\/\/www.esglesiarubi.org\/esglesia\/fraternadal\/14-dsc_0100\/\" rel=\"attachment wp-att-130\"><img loading=\"lazy\" decoding=\"async\" class=\"alignnone  wp-image-130\" src=\"http:\/\/www.esglesiarubi.org\/esglesia\/wp-content\/uploads\/2012\/02\/14-DSC_0100--1024x680.jpg\" alt=\"14 DSC_0100-\" width=\"700\" height=\"470\" \/><\/a><\/address>\n<address>\u00a0<\/address>\n<address>Grupo Julio 2009<\/address>\n<address>\u00a0<\/address>\n<address><strong>Colaboraciones econ\u00f3micas<\/strong><\/address>\n<address>Entidades que colaboran econ\u00f3micamente con nuestra asociaci\u00f3n:<\/address>\n<address>La Caixa, el Ayuntamiento de Rub\u00ed, Plurarismo y convivencia.<\/address>\n<address>Entidades que colaboran a nivel de comunicaci\u00f3n:<\/address>\n<address>Diari de Rub\u00ed, Rub\u00ed noticias, Radio Rub\u00ed.<\/address>\n<address>\u00a0<\/address>\n<address><strong>\u00bfQu\u00e9 otro tipo de ayudas ofrecemos?<\/strong><\/address>\n<address>En el a\u00f1o 2000 se alquila una vivienda para albergar casos de urgencia temporales sin techo.<\/address>\n<address>Actualmente esta vivienda se sigue manteniendo pero para albergar solo una familia por un tiempo determinado.<\/address>\n<address>Estos inquilinos van cambiando a medida que su situaci\u00f3n econ\u00f3mica mejora y pueden valerse por s\u00ed mismos.<\/address>\n<address>\u00a0<\/address>\n<address>Durante el a\u00f1o 2001 y por un espacio de cinco a\u00f1os, se us\u00f3 una mas\u00eda en los alrededores de Rub\u00ed para albergar hasta 14 inmigrantes.<\/address>\n<address>Dicha gesti\u00f3n requer\u00eda un tiempo personal excesivo por nuestra parte para mantener las necesidades, un cierto orden y solucionar conflictos de convivencia.<\/address>\n<address>\u00a0<\/address>\n<address>Durante el a\u00f1o 2001 se impartieron clases de catal\u00e1n por voluntarios de nuestra propia comunidad.<\/address>\n<address>\u00a0<\/address>\n<address>En el a\u00f1o 2007 se inicia un proyecto de alfabetizaci\u00f3n durante un a\u00f1o para las mujeres marroqu\u00edes.<\/address>\n<address>\u00a0<\/address>\n<address>En Rubi hay cuatro entidades dedicadas al reparto de alimentos:<br \/>\nCaritas, Fraternadal, Entre veins y Cruz Roja.<\/address>\n<address>\u00a0<\/address>\n<address>Esta actividad de ayuda social que lleva a pleno rendimiento unos doce a\u00f1os, ha desbordado nuestras perspectivas de dedicaci\u00f3n y ha superado el volumen de actividad por encima incluso de nuestros propios cultos y actividades religiosas.<\/address>\n<address>\u00a0<\/address>\n<address><a href=\"http:\/\/www.esglesiarubi.org\/esglesia\/fraternadal\/fraternadal-2\/\" rel=\"attachment wp-att-541\"><img loading=\"lazy\" decoding=\"async\" class=\"wp-image-541 aligncenter\" src=\"http:\/\/www.esglesiarubi.org\/esglesia\/wp-content\/uploads\/2012\/02\/Fraternadal.png\" alt=\"Fraternadal\" width=\"300\" height=\"200\" \/><\/a><\/address>\n<address>\u00a0<\/address>\n<address>Nota:<\/address>\n<address>Para ampliar las fotografias, puedes hacerlo simplemente clicando sobre cualquiera de ellas.<\/address>\n<address>\u00a0<\/address>\n<address>\u00a0<\/address>\n<address>\u00a0<\/address>\n<address>\u00a0<\/address>\n","protected":false},"excerpt":{"rendered":"<p>Sus inicios Frater-Nadal surge en el seno de la iglesia protestante de calle Colon 6 de Rub\u00ed (Barcelona) como una ayuda, sin muchas pretensiones, hacia media docena de personas que pasaban por nuestra comunidad con necesidades econ\u00f3micas.\u00a0Sin ning\u00fan nombre todav\u00eda adquirido, ni entidad establecida, se dedica hacia una serie de familias que participaron o visitaron &#8230; <span class=\"more\"><a class=\"more-link\" href=\"https:\/\/www.esglesiarubi.org\/esglesia\/fraternadal\/\">[Llegir m\u00e9s&#8230;]<\/a><\/span><\/p>\n","protected":false},"author":4,"featured_media":0,"parent":0,"menu_order":0,"comment_status":"open","ping_status":"open","template":"","meta":{"jetpack_post_was_ever_published":false,"footnotes":""},"class_list":["entry","page","publish","author-communitymanager","post-16"],"aioseo_notices":[],"jetpack_sharing_enabled":true,"jetpack_shortlink":"https:\/\/wp.me\/P8020h-g","_links":{"self":[{"href":"https:\/\/www.esglesiarubi.org\/esglesia\/wp-json\/wp\/v2\/pages\/16","targetHints":{"allow":["GET"]}}],"collection":[{"href":"https:\/\/www.esglesiarubi.org\/esglesia\/wp-json\/wp\/v2\/pages"}],"about":[{"href":"https:\/\/www.esglesiarubi.org\/esglesia\/wp-json\/wp\/v2\/types\/page"}],"author":[{"embeddable":true,"href":"https:\/\/www.esglesiarubi.org\/esglesia\/wp-json\/wp\/v2\/users\/4"}],"replies":[{"embeddable":true,"href":"https:\/\/www.esglesiarubi.org\/esglesia\/wp-json\/wp\/v2\/comments?post=16"}],"version-history":[{"count":0,"href":"https:\/\/www.esglesiarubi.org\/esglesia\/wp-json\/wp\/v2\/pages\/16\/revisions"}],"wp:attachment":[{"href":"https:\/\/www.esglesiarubi.org\/esglesia\/wp-json\/wp\/v2\/media?parent=16"}],"curies":[{"name":"wp","href":"https:\/\/api.w.org\/{rel}","templated":true}]}}