{"id":14,"date":"2012-02-17T10:15:57","date_gmt":"2012-02-17T09:15:57","guid":{"rendered":"http:\/\/www.esglesiarubi.org\/esglesia\/?page_id=14"},"modified":"2013-01-23T20:19:01","modified_gmt":"2013-01-23T19:19:01","slug":"on-som-%c2%bfdonde-estamos","status":"publish","type":"page","link":"https:\/\/www.esglesiarubi.org\/esglesia\/on-som-%c2%bfdonde-estamos\/","title":{"rendered":"On som? | \u00bfD\u00f3nde estamos?"},"content":{"rendered":"<p>Nuestra comunidad evang\u00e9lica de Rub\u00ed est\u00e1 en la<strong><a title=\"Planol de situaci\u00f3\" href=\"http:\/\/g.co\/maps\/25paq\" target=\"_blank\">calle Descubridor Col\u00f3n 6, Rub\u00ed<\/a><\/strong>.<\/p>\n<div id=\"attachment_24\" style=\"width: 497px\" class=\"wp-caption aligncenter\"><a href=\"http:\/\/www.esglesiarubi.org\/esglesia\/wp-content\/uploads\/2012\/02\/carrer_colom_6_rubi.png\"><img loading=\"lazy\" decoding=\"async\" aria-describedby=\"caption-attachment-24\" class=\"size-full wp-image-24 \" title=\"Carrer del Descobridor Colom, 6, 08191 Rub\u00ed\" alt=\"Carrer del Descobridor Colom, 6, 08191 Rub\u00ed\" src=\"http:\/\/www.esglesiarubi.org\/esglesia\/wp-content\/uploads\/2012\/02\/carrer_colom_6_rubi.png\" width=\"487\" height=\"328\" srcset=\"https:\/\/www.esglesiarubi.org\/esglesia\/wp-content\/uploads\/2012\/02\/carrer_colom_6_rubi.png 696w, https:\/\/www.esglesiarubi.org\/esglesia\/wp-content\/uploads\/2012\/02\/carrer_colom_6_rubi-300x201.png 300w\" sizes=\"auto, (max-width: 487px) 100vw, 487px\" \/><\/a><p id=\"caption-attachment-24\" class=\"wp-caption-text\">Carrer del Descobridor Colom, 6, 08191 Rub\u00ed<\/p><\/div>\n<p>Rub\u00ed est\u00e1 a 20Km de Barcelona en sentido monta\u00f1a. Est\u00e1 situada entre el tri\u00e1ngulo San Cugat, Terrassa y Sabadell. Dentro de Rub\u00ed, nuestra comunidad est\u00e1 junto la plaza Clav\u00e9, a dos calles por detr\u00e1s de la gasolinera situada en el centro de la poblaci\u00f3n. Entre Av. Barcelona y c\/ Cervantes (\u00f3 c\/ San Cugat).<\/p>\n<p>La estaci\u00f3n de Ferrocarriles Catalanes se encuentra a 10 minutos de nuestro templo.<\/p>\n<p><strong><span style=\"text-decoration: underline;\">Ferrocarriles<\/span><\/strong><\/p>\n<p>Si vienes en tren desde Barcelona, toma los ferrocarriles catalanes FGC sentido Terrassa, los cuales tienen una parada en la estaci\u00f3n de Rub\u00ed.<\/p>\n<p>Estamos a 300 mts de la estaci\u00f3n.<\/p>\n<p><strong><span style=\"text-decoration: underline;\">Por autopista<\/span><\/strong><\/p>\n<p>Si vienes en coche, Rubi tiene acceso desde la autopista AP7 por la salida 22 (PK 152) si vienes desde Gerona.<\/p>\n<p>Y si vienes desde Tarragona, toma la misma AP7 y en cuanto puedas, toma el lateral llamado B-30.\u00a0 Toma la salida Rubi-San Cugat.<\/p>\n<p><strong><span style=\"text-decoration: underline;\">Por carretera<\/span><\/strong><\/p>\n<p>Desde Barcelona, tambi\u00e9n puedes tomar la Rabasada que cruza Rubi.<\/p>\n<p><strong><span style=\"text-decoration: underline;\">Aparcamiento<\/span><\/strong><\/p>\n<p>Hay dos zonas grandes de aparcamiento gratuito un tanto proximas:<\/p>\n<p>Zona I+D (frente a la estaci\u00f3n FGC) y zona Escardibul.<\/p>\n<p>Creo que con todos estos datos tan expl\u00edcitos\u2026 llegar\u00e1s<\/p>\n<p>&nbsp;<\/p>\n<p><a href=\"http:\/\/www.esglesiarubi.org\/esglesia\/on-som-%c2%bfdonde-estamos\/plano-01\/\" rel=\"attachment wp-att-567\"><img loading=\"lazy\" decoding=\"async\" class=\"alignnone  wp-image-567\" alt=\"Plano 01\" src=\"http:\/\/www.esglesiarubi.org\/esglesia\/wp-content\/uploads\/2012\/02\/Plano-01-1024x776.jpg\" width=\"700\" height=\"500\" \/><\/a><\/p>\n<p>&nbsp;<\/p>\n<p>&nbsp;<\/p>\n<p><a href=\"http:\/\/www.esglesiarubi.org\/esglesia\/on-som-%c2%bfdonde-estamos\/plano-02\/\" rel=\"attachment wp-att-568\"><img loading=\"lazy\" decoding=\"async\" class=\"alignnone  wp-image-568\" alt=\"Plano 02\" src=\"http:\/\/www.esglesiarubi.org\/esglesia\/wp-content\/uploads\/2012\/02\/Plano-02-1024x779.jpg\" width=\"700\" height=\"500\" \/><\/a><\/p>\n<p>&nbsp;<\/p>\n<p>&nbsp;<\/p>\n<p>&nbsp;<\/p>\n<p><a href=\"http:\/\/www.esglesiarubi.org\/esglesia\/on-som-%c2%bfdonde-estamos\/plano-03\/\" rel=\"attachment wp-att-569\"><img loading=\"lazy\" decoding=\"async\" class=\"alignnone  wp-image-569\" alt=\"Plano 03\" src=\"http:\/\/www.esglesiarubi.org\/esglesia\/wp-content\/uploads\/2012\/02\/Plano-03-1024x779.jpg\" width=\"700\" height=\"500\" \/><\/a><\/p>\n<p>&nbsp;<\/p>\n<p>\u00bfDonde podemos aparcar?<\/p>\n<p><a href=\"http:\/\/www.esglesiarubi.org\/esglesia\/on-som-%c2%bfdonde-estamos\/plano-04-aparcamiento\/\" rel=\"attachment wp-att-570\"><img loading=\"lazy\" decoding=\"async\" class=\"alignnone  wp-image-570\" alt=\"Plano 04 aparcamiento\" src=\"http:\/\/www.esglesiarubi.org\/esglesia\/wp-content\/uploads\/2012\/02\/Plano-04-aparcamiento-1024x779.jpg\" width=\"700\" height=\"500\" \/><\/a><\/p>\n<p>&nbsp;<\/p>\n<p>&nbsp;<\/p>\n<p>&nbsp;<\/p>\n<p>&nbsp;<\/p>\n<p>&nbsp;<\/p>\n","protected":false},"excerpt":{"rendered":"<p>Nuestra comunidad evang\u00e9lica de Rub\u00ed est\u00e1 en lacalle Descubridor Col\u00f3n 6, Rub\u00ed. Rub\u00ed est\u00e1 a 20Km de Barcelona en sentido monta\u00f1a. Est\u00e1 situada entre el tri\u00e1ngulo San Cugat, Terrassa y Sabadell. Dentro de Rub\u00ed, nuestra comunidad est\u00e1 junto la plaza Clav\u00e9, a dos calles por detr\u00e1s de la gasolinera situada en el centro de la &#8230; <span class=\"more\"><a class=\"more-link\" href=\"https:\/\/www.esglesiarubi.org\/esglesia\/on-som-%c2%bfdonde-estamos\/\">[Llegir m\u00e9s&#8230;]<\/a><\/span><\/p>\n","protected":false},"author":4,"featured_media":0,"parent":0,"menu_order":0,"comment_status":"open","ping_status":"open","template":"","meta":{"jetpack_post_was_ever_published":false,"footnotes":""},"class_list":["entry","page","publish","author-communitymanager","post-14"],"aioseo_notices":[],"jetpack_sharing_enabled":true,"jetpack_shortlink":"https:\/\/wp.me\/P8020h-e","_links":{"self":[{"href":"https:\/\/www.esglesiarubi.org\/esglesia\/wp-json\/wp\/v2\/pages\/14","targetHints":{"allow":["GET"]}}],"collection":[{"href":"https:\/\/www.esglesiarubi.org\/esglesia\/wp-json\/wp\/v2\/pages"}],"about":[{"href":"https:\/\/www.esglesiarubi.org\/esglesia\/wp-json\/wp\/v2\/types\/page"}],"author":[{"embeddable":true,"href":"https:\/\/www.esglesiarubi.org\/esglesia\/wp-json\/wp\/v2\/users\/4"}],"replies":[{"embeddable":true,"href":"https:\/\/www.esglesiarubi.org\/esglesia\/wp-json\/wp\/v2\/comments?post=14"}],"version-history":[{"count":0,"href":"https:\/\/www.esglesiarubi.org\/esglesia\/wp-json\/wp\/v2\/pages\/14\/revisions"}],"wp:attachment":[{"href":"https:\/\/www.esglesiarubi.org\/esglesia\/wp-json\/wp\/v2\/media?parent=14"}],"curies":[{"name":"wp","href":"https:\/\/api.w.org\/{rel}","templated":true}]}}