{"id":12,"date":"2012-02-17T10:15:12","date_gmt":"2012-02-17T09:15:12","guid":{"rendered":"http:\/\/www.esglesiarubi.org\/esglesia\/?page_id=12"},"modified":"2019-11-14T09:56:57","modified_gmt":"2019-11-14T08:56:57","slug":"que-fem-que-hacemos","status":"publish","type":"page","link":"https:\/\/www.esglesiarubi.org\/esglesia\/que-fem-que-hacemos\/","title":{"rendered":"Qu\u00e8 fem? | \u00bfQu\u00e9 hacemos?"},"content":{"rendered":"<p><strong>El culto<br \/>\n<\/strong>Como comunidad, nuestro encuentro m\u00e1s importante es la celebraci\u00f3n del culto dominical.&nbsp;El culto de adoraci\u00f3n est\u00e1 centrado en la exposici\u00f3n de las Escrituras, por tanto todo estar\u00e1 centrado en los textos b\u00edblicos propuestos por el leccionario lit\u00fargico para cada domingo. El culto llama a la adoraci\u00f3n, es edificaci\u00f3n y da testimonio de nuestra fe. Nuestras puertas est\u00e1n abiertas para que cualquier persona, sin importar cu\u00e1l sea su condici\u00f3n, pueda venir a celebrar el culto con nosotros.<\/p>\n<p><a href=\"http:\/\/www.esglesiarubi.org\/esglesia\/que-fem-%c2%bfque-hacemos\/congregacion-1980-020\/\" rel=\"attachment wp-att-65\"><img loading=\"lazy\" decoding=\"async\" class=\"alignnone wp-image-65\" src=\"http:\/\/www.esglesiarubi.org\/esglesia\/wp-content\/uploads\/2012\/02\/Congregacion-1980-020-1024x712.jpg\" alt=\"Congregacion 1980-020\" width=\"700\" height=\"470\"><\/a><\/p>\n<p>1980<\/p>\n<p><a href=\"http:\/\/www.esglesiarubi.org\/esglesia\/que-fem-%c2%bfque-hacemos\/20110403-217\/\" rel=\"attachment wp-att-208\"><img loading=\"lazy\" decoding=\"async\" class=\"alignnone wp-image-208\" src=\"http:\/\/www.esglesiarubi.org\/esglesia\/wp-content\/uploads\/2012\/02\/20110403-217-1024x682.jpg\" alt=\"20110403-217\" width=\"700\" height=\"470\"><\/a><\/p>\n<p>2011<\/p>\n<address>&nbsp;<\/address>\n<address><strong>La Cena del Se\u00f1or<\/strong><\/address>\n<address>La Cena del Se\u00f1or (o Santa Cena)&nbsp;es junto al bautismo uno de los dos sacramentos que celebramos los protestantes.&nbsp;Jes\u00fas nos dej\u00f3 como recordatorio de su muerte, as\u00ed lo celebramos compartiendo su&nbsp;pan y su vino, donde encontramos la presencia espiritual, por lo tanto real, de su cuerpo entregado por nosotros y su sangre derramada como sello del nuevo pacto.<\/address>\n<address>Como sacramento es uno de los medios de la gracia que alimentan y fortalecen la fe del creyente.&nbsp;<\/address>\n<address>La Cena, al ser del Se\u00f1or, est\u00e1 abierta a todo aqu\u00e9l y aquella que le busca, por lo tanto no hace falta ser miembro de nuestra comunidad, ni protestante para participar de ella.<\/address>\n<address>Habitualmente la celebraci\u00f3n de la Cena del Se\u00f1or se realiza el primer y el&nbsp;tercer domingo de cada mes.<\/address>\n<address>&nbsp;<\/address>\n<address>\n<address><strong>Bautismos<\/strong><\/address>\n<address>En nuestra comunidad el bautismo se administra a los infantes en la fe de sus progenitores o tutores legales que as\u00ed lo soliciten, o en adultos que jam\u00e1s lo hayan recibido previa confesi\u00f3n de su fe y despu\u00e9s de un curso de catecumenado con nuestro pastor.<\/address>\n<\/address>\n<address>En ning\u00fan caso se admite el re-bautismo, ya que la validez de este no reside en la cualidad de quien lo oficia sino \u00fanicamente en el poder y en la gracia de Dios.<\/address>\n<address>&nbsp;<\/address>\n<address>\n<address><strong>Confirmaci\u00f3n<\/strong><\/address>\n<address>Aquellas personas que hayan recibido el bautismo de infante, al llegar a una edad adulta reciben un catecumenado por parte del Pastor para reflexionar y profundizar en la fe, conocer las doctrinas b\u00e1sicas del cristianismo, as\u00ed como los valores propios de nuestra comunidad metodista y de nuestra Iglesia Evangelica Espa\u00f1ola como la familia que nos une junto a las congregaciones presbiterianas. Pasado este periodo de formaci\u00f3n el catec\u00fameno deber\u00e1 decidir si desea profesar su fe junto a la comunidad y pasar as\u00ed a ser miembro de la comunidad no ya por la fe de sus progenitores por la que fue bautizado, sino ahora por la suya propia.&nbsp;<\/address>\n<\/address>\n<address>&nbsp;<\/address>\n<address><strong>Estudio B\u00edblico y oraci\u00f3n<\/strong><br \/>\nLa reuni\u00f3n,&nbsp;abierta a todo el mundo, tiene lugar&nbsp;todos los viernes a las 20 h.<\/address>\n<address>\n<address>El estudio y la meditaci\u00f3n basados en la Palabra de Dios, son fundamentales para todo cristiano para conocer m\u00e1s a fondo en que se basa nuestra fe.<br \/>\nNormalmente en los estudios se profundiza sobre un libro de la Biblia, y en intervalos nos reunimos al rededor de un Salmo el cual se expone de forma devocional junto con algunos c\u00e1nticos.<br \/>\nLa oraci\u00f3n es igualmente fundamental en la vida de la comunidad, y cuando se termina el estudio se abre un espacio para la oraci\u00f3n.&nbsp;Es la oraci\u00f3n el motor de una comunidad cristiana y por el cual estamos en contacto con el Se\u00f1or.<\/address>\n<address>Otro apartado de estudio es el Taller Teol\u00f3gico.<br \/>\nA trav\u00e9s de Internet, los que participan reciben el material de estudio difundido desde la Facultad de Teolog\u00eda SEUT (Seminario Evang\u00e9lico Unido de Teologia).<br \/>\nLas lecciones se trabajan individualmente, y un s\u00e1bado al mes todos se reunen para compartir lo que han aprendido.<\/address>\n<\/address>\n<address>&nbsp;<\/address>\n<address><strong>&#8220;Porque donde dos o tres est\u00e1n congregados en mi nombre, all\u00ed estoy yo en medio de ellos&#8221;&nbsp; <\/strong><\/address>\n<address><strong>(<\/strong>Mateo 18, 20)<\/address>\n<address>&nbsp;<\/address>\n<address>\n<address><strong>La pastoral<br \/>\n<\/strong>El Pastor es el Ministro ordenado de la Palabra y los Sacramentos, de conformidad con el Art. XXIV, p\u00e1rrafo 4\u00ba de la Confesi\u00f3n de Fe de la <a href=\"http:\/\/www.iee-es.org\">IEE<\/a>.<\/address>\n<address>En consecuencia, es misi\u00f3n y competencia del Pastor en la iglesia local:<\/p>\n<ol>\n<li>La predicaci\u00f3n.<\/li>\n<li>La administraci\u00f3n de los sacramentos.<\/li>\n<li>La celebraci\u00f3n y la direcci\u00f3n del culto p\u00fablico.<\/li>\n<li>La ense\u00f1anza b\u00edblica y teol\u00f3gica; y, en especial, la formaci\u00f3n de los responsables eclesiales.<\/li>\n<li>La instrucci\u00f3n de los catec\u00famenos y su Confirmaci\u00f3n, sin perjuicio del tiempo de catecumenado establecido por la iglesia, y haci\u00e9ndolo saber al Consejo de iglesia.<\/li>\n<li>La cura de almas.<\/li>\n<li>La celebraci\u00f3n de la bendici\u00f3n nupcial.<\/li>\n<li>Los servicios f\u00fanebres.<\/li>\n<li>La edificaci\u00f3n de la comunidad.<\/li>\n<li>La visitaci\u00f3n a los miembros de la comunidad y a los alejados; la asistencia a los enfermos.<\/li>\n<li>En un acto dentro del culto, admitir a todos los efectos en la comuni\u00f3n de la iglesia a los que certifiquen traslado, haci\u00e9ndolo saber al Consejo de iglesia. Si el Consejo de iglesia tuviere pruebas de que el candidato incurre en alg\u00fan impedimento grave, lo comunicar\u00e1 al Pastor. Solo cuando a juicio del Pastor con el Consejo sea corregida la causa que motiva este impedimento, \u00e9ste quedar\u00e1 levantado.<\/li>\n<li>Recibir, a petici\u00f3n de los interesados, la solicitud de traslado o baja de iglesia, conforme a lo dispuesto en el Art\u00edculo 3\u00ba del Reglamento de la IEE, y notific\u00e1ndolo al Consejo de iglesia, el cual extender\u00e1 el correspondiente escrito.<\/li>\n<li>Ejercer el ministerio de la disciplina: la iniciaci\u00f3n, tramitaci\u00f3n y, finalmente, si hubiere lugar, la aplicaci\u00f3n de la censura contra cualquier miembro de la iglesia que perturbe gravemente con su vida y comportamiento el testimonio de unidad y comuni\u00f3n de la congregaci\u00f3n, siempre y de forma inexcusable, con el apoyo y acuerdo mayoritario del Consejo de iglesia en cada caso y en todo momento del procedimiento.<\/li>\n<li>Expedir su propia correspondencia.<\/li>\n<li>Cumplir las atribuciones que le concede el Reglamento de la IEE y las tareas que le encomiende la Comisi\u00f3n Permanente y el Consejo presbiteral<\/li>\n<\/ol>\n<p>El Pastor preside cualquier ceremonia o acto de protocolo organizados por la iglesia, dentro y fuera de sus locales. Asiste tambi\u00e9n en su nombre a las ceremonias o actos de protocolo a las que sea invitada la iglesia por parte de otras iglesias, sociedades o las autoridades civiles. En ninguna de estas ceremonias o actos de protocolo, el Pastor podr\u00e1 tramitar los asuntos cuya competencia est\u00e9 atribuida al Consejo de iglesia conforme al Reglamento de R\u00e9gimen Interior; o los actos ejecutivos que les corresponde tramitar a cada cargo del mismo Consejo, conforme a sus Normas de Funcionamiento. En su ausencia o defecto, ser\u00e1 sustituido por el Presidente u otro miembro del Consejo de iglesia.<\/p>\n<\/address>\n<\/address>\n<address>&nbsp;<\/address>\n<address><strong>Escuela dominical<br \/>\n<\/strong>Paralelamente a los cultos de la ma\u00f1ana de los domingos, se celebran unas clases de escuela dominical para ni\u00f1os de entre 4 y 15 a\u00f1os.<br \/>\nEn ellas se les explica la vida de Jes\u00fas y la historia b\u00edblica, bien por medio de cuentos, narraciones o videos.<br \/>\nDisponemos de tres salas para tales actividades, siendo una de ellas a modo de guarder\u00eda.<br \/>\nUn grupo de tres a cinco monitores alternados se preparan las clases para impartir las lecciones.<\/address>\n<address>&nbsp;<\/address>\n<address><a href=\"http:\/\/www.esglesiarubi.org\/esglesia\/que-fem-%c2%bfque-hacemos\/ed-20040408\/\" rel=\"attachment wp-att-71\"><img loading=\"lazy\" decoding=\"async\" class=\"alignnone wp-image-71\" src=\"http:\/\/www.esglesiarubi.org\/esglesia\/wp-content\/uploads\/2012\/02\/ED-20040408-1024x768.jpg\" alt=\"ED 20040408\" width=\"700\" height=\"500\"><\/a><\/address>\n<address>&nbsp;2004<\/address>\n<address>&nbsp;<\/address>\n<address><a href=\"http:\/\/www.esglesiarubi.org\/esglesia\/que-fem-%c2%bfque-hacemos\/20091004-02\/\" rel=\"attachment wp-att-210\"><img loading=\"lazy\" decoding=\"async\" class=\"alignnone wp-image-210\" src=\"http:\/\/www.esglesiarubi.org\/esglesia\/wp-content\/uploads\/2012\/02\/20091004-02-1024x680.jpg\" alt=\"20091004-02\" width=\"700\" height=\"470\"><\/a>&nbsp;<\/address>\n<address>2009<\/address>\n<address>&nbsp;&nbsp;<\/address>\n<address><a href=\"http:\/\/www.esglesiarubi.org\/esglesia\/que-fem-%c2%bfque-hacemos\/02c-20121225-002\/\" rel=\"attachment wp-att-562\"><img loading=\"lazy\" decoding=\"async\" class=\"alignnone wp-image-562\" src=\"http:\/\/www.esglesiarubi.org\/esglesia\/wp-content\/uploads\/2012\/02\/02c-20121225-002-1024x759.jpg\" alt=\"02c 20121225-002\" width=\"700\" height=\"500\"><\/a><\/address>\n<address>2012<\/address>\n<address>&nbsp;<\/address>\n<address>Seg\u00fan la edad de los ni\u00f1os, pueden participar en las excursiones que se organizan dos veces al a\u00f1o desde la EEC (Esgl\u00e9sia Evang\u00e8lica de Catalunya) para que puedan pasar un dia con ni\u00f1os de todas las dem\u00e1s Iglesias de Catalunya.<\/address>\n<address>Tambi\u00e9n seg\u00fan la edad, en verano pueden asistir a los campamentos que tienen lugar en la casa de Colonias de AIGUAVIVA, situada cerca de St.Lloren\u00e7 de Morunys (L\u00e9rida), y que igualmente est\u00e1n organizados desde la EEC.<\/address>\n<address>&nbsp;<\/address>\n<address><a href=\"http:\/\/www.esglesiarubi.org\/esglesia\/que-fem-%c2%bfque-hacemos\/aiguaviva-dscf0225\/\" rel=\"attachment wp-att-74\"><img loading=\"lazy\" decoding=\"async\" class=\"alignnone wp-image-74\" src=\"http:\/\/www.esglesiarubi.org\/esglesia\/wp-content\/uploads\/2012\/02\/Aiguaviva-DSCF0225-1024x768.jpg\" alt=\"Aiguaviva DSCF0225\" width=\"700\" height=\"470\"><\/a><\/address>\n<address>&nbsp;<\/address>\n<address>Durante el a\u00f1o, los ni\u00f1os participan en el \u201cdia de la Fam\u00edlia\u201d, \u201cfiesta de la Cosecha\u201d, as\u00ed como tambi\u00e9n en el culto especial del dia de Navidad.<\/address>\n<address>Desde el 2008, el equipo de monitores preparan, junto al pastor, el culto de Navidad, al que tambi\u00e9n se invita a todos los ni\u00f1os ajenos a nuestra congregaci\u00f3n.<\/address>\n<address>&nbsp; &nbsp;<\/address>\n<address><strong>Coro de la iglesia<\/strong><\/address>\n<address>Como en casi todas las comunidades religiosas, la nuestra tambi\u00e9n tiene un coro.<\/address>\n<address>Este coro ha sido dirigido por algunas personas con nociones de m\u00fasica y tambi\u00e9n pertenecientes a nuestra comunidad.<\/address>\n<address>&nbsp;<\/address>\n<address>Desde tiempos pasados y hasta la fecha, los directores de coro han sido:<\/address>\n<address>Benjamin Vila<\/address>\n<address>Raquel Casals<\/address>\n<address>Daniel Pujol <em>(de Terrassa)<\/em><\/address>\n<address>Marta Oma\u00f1a<\/address>\n<address>Anna Ma Vall\u00e9s<\/address>\n<address>Jonatan Lopez<\/address>\n<address>Debora Navarro<\/address>\n<address>Astrid Vall\u00e9s<\/address>\n<address>Tatiana Cap\u00f3<\/address>\n<address>Anna Ma Vall\u00e9s<br \/>\nJonatan L\u00f3pez<\/address>\n<address>&nbsp;<\/address>\n<address><a href=\"http:\/\/www.esglesiarubi.org\/esglesia\/que-fem-%c2%bfque-hacemos\/1993-07a\/\" rel=\"attachment wp-att-76\"><img loading=\"lazy\" decoding=\"async\" class=\"alignnone wp-image-76\" src=\"http:\/\/www.esglesiarubi.org\/esglesia\/wp-content\/uploads\/2012\/02\/1993-07a-1024x686.jpg\" alt=\"1993-07a\" width=\"700\" height=\"500\"><\/a><\/address>\n<address>A\u00f1o 1993 dirigiendo Anna Vall\u00e9s<\/address>\n<address>&nbsp;<\/address>\n<address><a href=\"http:\/\/www.esglesiarubi.org\/esglesia\/que-fem-%c2%bfque-hacemos\/2001-rubi001\/\" rel=\"attachment wp-att-78\"><img loading=\"lazy\" decoding=\"async\" class=\"alignnone wp-image-78\" src=\"http:\/\/www.esglesiarubi.org\/esglesia\/wp-content\/uploads\/2012\/02\/2001-Rubi001-1024x768.jpg\" alt=\"2001-Rubi001\" width=\"700\" height=\"500\"><\/a><\/address>\n<address>A\u00f1o 2001 dirigiendo Jonatan Lopez<\/address>\n<address>&nbsp;<\/address>\n<address><a href=\"http:\/\/www.esglesiarubi.org\/esglesia\/que-fem-%c2%bfque-hacemos\/20041225-006\/\" rel=\"attachment wp-att-79\"><img loading=\"lazy\" decoding=\"async\" class=\"alignnone wp-image-79\" src=\"http:\/\/www.esglesiarubi.org\/esglesia\/wp-content\/uploads\/2012\/02\/20041225-006-1024x680.jpg\" alt=\"20041225-006\" width=\"700\" height=\"500\"><\/a><\/address>\n<address>A\u00f1o 2004 en nuestro templo dirigiendo Jonatan Lopez<\/address>\n<address>&nbsp;<\/address>\n<address><a href=\"http:\/\/www.esglesiarubi.org\/esglesia\/que-fem-%c2%bfque-hacemos\/20050108-007\/\" rel=\"attachment wp-att-80\"><img loading=\"lazy\" decoding=\"async\" class=\"alignnone wp-image-80\" src=\"http:\/\/www.esglesiarubi.org\/esglesia\/wp-content\/uploads\/2012\/02\/20050108-007-1024x680.jpg\" alt=\"20050108-007\" width=\"700\" height=\"500\"><\/a><\/address>\n<address>&nbsp;<\/address>\n<address><a href=\"http:\/\/www.esglesiarubi.org\/esglesia\/que-fem-%c2%bfque-hacemos\/20050108-009\/\" rel=\"attachment wp-att-81\"><img loading=\"lazy\" decoding=\"async\" class=\"alignnone wp-image-81\" src=\"http:\/\/www.esglesiarubi.org\/esglesia\/wp-content\/uploads\/2012\/02\/20050108-009-1024x680.jpg\" alt=\"20050108-009\" width=\"700\" height=\"500\"><\/a><\/address>\n<address>A\u00f1o 2005, coro unido de las iglesias metodistas de Barcelona, dirigiendo Aurora Ferrer.<\/address>\n<address>&nbsp;<\/address>\n<address>&nbsp;<\/address>\n<address><strong>Fiesta de la familia<\/strong><br \/>\nCelebraci\u00f3n de una fiesta familiar sobre el mes de mayo y adoptada en nuestra comunidad como sustitutiva del dia de la madre.<\/address>\n<address>Suelen participar los ni\u00f1os de la escuela dominical y es un culto especial y participativo.<\/address>\n<address>Al acabar el culto se hace una comida comunitaria en la que casi todos aportan algo para compartir con los dem\u00e1s.<\/address>\n<address>En el a\u00f1o 1870 se implant\u00f3 el dia de la madre como dia conmemorativo en diferentes paises, aunque con fechas diferentes, seg\u00fan el lugar.<\/address>\n<address>En nuestra comunidad y sobre el a\u00f1o 1965, a raiz del fallecimiento del hijo de un miembro a la temprana edad de diez a\u00f1os, esta fiesta cambi\u00f3 de direcci\u00f3n y sentido tomando un nuevo nombre: el dia de la familia.<\/address>\n<address>&nbsp;<\/address>\n<address><a href=\"http:\/\/www.esglesiarubi.org\/esglesia\/que-fem-%c2%bfque-hacemos\/fiesta-de-la-familia-20060930-005\/\" rel=\"attachment wp-att-82\"><img loading=\"lazy\" decoding=\"async\" class=\"alignnone wp-image-82\" src=\"http:\/\/www.esglesiarubi.org\/esglesia\/wp-content\/uploads\/2012\/02\/Fiesta-de-la-familia-20060930-005-1024x768.jpg\" alt=\"Fiesta de la familia 20060930-005\" width=\"700\" height=\"500\"><\/a><\/address>\n<address>&nbsp;<\/address>\n<address>&nbsp;<\/address>\n<address><strong>Fiesta de acci\u00f3n de gracias<\/strong><br \/>\nLlamada tambi\u00e9n entre nosotros la &#8220;Festa de la collita&#8221;.<br \/>\nAntiguamente y como las poblaciones eran m\u00e1s bien agricolas, celebraban esta fiesta como acci\u00f3n de gracias por los frutos recibidos del campo.<br \/>\nActualmente la situaci\u00f3n ha cambiado mucho y la agricultura en nuestra poblaci\u00f3n ha sido sustituida por otro tipo de actividades.<br \/>\nDe todas formas, la fiesta se ha mantenido y cada uno lleva alg\u00fan alimento que es presentado al frente del templo durante el culto de este domingo en concreto.<\/address>\n<address>Al finalizar el culto, dichos alimentos se entregan a personas necesitadas, sean destinados a nuestra residencia de ancianos Bet-San o bien a personas que asisten a nuestra ayuda social.<br \/>\nEsta fiesta se celebra en Oto\u00f1o y al finalizar el culto, toda la congregaci\u00f3n que lo desee (asi como amistades que quieran unirse) se reunen para disfrutar de una comida comunitaria, tal como se hace en la fiesta de la familia.<\/address>\n<address>&nbsp;<\/address>\n<address><a href=\"http:\/\/www.esglesiarubi.org\/esglesia\/que-fem-%c2%bfque-hacemos\/20051002-500\/\" rel=\"attachment wp-att-83\"><img loading=\"lazy\" decoding=\"async\" class=\"alignnone wp-image-83\" src=\"http:\/\/www.esglesiarubi.org\/esglesia\/wp-content\/uploads\/2012\/02\/20051002-500--1024x768.jpg\" alt=\"20051002-500-\" width=\"700\" height=\"500\"><\/a><\/address>\n<p>&nbsp;<\/p>\n<p><a href=\"http:\/\/www.esglesiarubi.org\/esglesia\/que-fem-%c2%bfque-hacemos\/20051002-402\/\" rel=\"attachment wp-att-84\"><img loading=\"lazy\" decoding=\"async\" class=\"alignnone wp-image-84\" src=\"http:\/\/www.esglesiarubi.org\/esglesia\/wp-content\/uploads\/2012\/02\/20051002-402--1024x680.jpg\" alt=\"20051002-402-\" width=\"700\" height=\"500\"><\/a><\/p>\n<p>&nbsp;<\/p>\n<address><strong>Fiesta multicultural<\/strong><\/address>\n<address>Desde el a\u00f1o 2007 y durante tres a\u00f1os coincidiendo con la fiesta mayor de Rubi, se estuvo llevando a cabo una serie de veladas musicales a cargo de Nathalie en las cuales participan grupos musicales folkloricos de diferentes nacionalidades, asi como m\u00fasica cl\u00e1sica, cuartetos o solistas de nuestra propia poblaci\u00f3n.<\/address>\n<address>La gastronom\u00eda de otros paises tambi\u00e9n hizo su presencia en el intermedio del programa musical y la cual fue proporcionada por inmigrantes que asisten a nuestra ayuda social.<\/address>\n<address>&nbsp;<\/address>\n<address><a href=\"http:\/\/www.esglesiarubi.org\/esglesia\/que-fem-%c2%bfque-hacemos\/fiesta-multicultural-2009-102\/\" rel=\"attachment wp-att-87\"><img loading=\"lazy\" decoding=\"async\" class=\"alignnone wp-image-87\" src=\"http:\/\/www.esglesiarubi.org\/esglesia\/wp-content\/uploads\/2012\/02\/Fiesta-multicultural-2009-102-1024x680.jpg\" alt=\"Fiesta multicultural 2009 102\" width=\"700\" height=\"500\"><\/a><\/address>\n<address>&nbsp;<\/address>\n<address><strong>Semana santa<\/strong><br \/>\nLa semana santa es la conmemoraci\u00f3n anual cristiana de la pasi\u00f3n, muerte y resurrecci\u00f3n de Jes\u00fas.<br \/>\nSu celebraci\u00f3n viene dada historicamente desde el a\u00f1o 325, en el Concilio de Nicea.<\/address>\n<address>Las fechas establecidas popularmente se sit\u00faan entre el 22 de marzo y el 25 de abril.<\/address>\n<address>Este es el significado de cada uno de los dias que la componen:<\/address>\n<address>-Domingo de ramos (entrada triunfal de Jes\u00fas en Jerusal\u00e9n).<br \/>\n-Lunes santo (unci\u00f3n de Jes\u00fas en casa de L\u00e1zaro. Jes\u00fas expulsa a los mercaderes del templo).<br \/>\n-Martes santo (las negaciones de Pedro)<br \/>\n-Mi\u00e9rcoles santo (de ceniza) (Judas conspira con el sanedr\u00edn para traicionar a Jes\u00fas)<br \/>\n-Jueves santo (\u00faltima cena, oraci\u00f3n en Getseman\u00ed y arresto de Jes\u00fas)<br \/>\n-Viernes santo (interrogatorios de Pilato, crucifixi\u00f3n y sepultura de Jes\u00fas)<br \/>\n-S\u00e1bado santo (vigilia Pascual)<br \/>\n-Domingo de resurrecci\u00f3n y pascua (Jes\u00fas resucita)<\/address>\n<address>&nbsp;<\/address>\n<address>Actualmente nuestra comunidad tiene servicios especiales para&nbsp;el Domingo de Ramos, el Viernes Santo (por la tarde) y el Domingo de Resurrecci\u00f3n. El Jueves Santo y el Viernes Santo por la ma\u00f1ana los servicios tienen lugar en el templo de la calle Tallers de Barcelona, ya que son celebraciones que se realizan junto a todas las comunidades de nuestro Presbiterio (EEC).<\/address>\n<p>&nbsp;<\/p>\n<address><strong>Culto de la Reforma<\/strong><br \/>\nEl culto de la reforma es una celebraci\u00f3n a finales de octubre, lo m\u00e1s pr\u00f3ximo posible al 31 de octubre y a nivel de todas nuestras iglesias de Catalunya para conmemorar la reforma de Lutero en el siglo&nbsp;XVI.<\/address>\n<address>&nbsp;<\/address>\n<address>&nbsp;<\/address>\n<address><strong>Navidad<\/strong><br \/>\nLa Navidad es una fecha simb\u00f3lica en el cristianismo del nacimiento de Jes\u00fas.<br \/>\nSe eligi\u00f3 el 25 de diciembre y sobre el a\u00f1o 350dc como fecha convencional y aunque estas fechas provienen originalmente de fiestas paganas romanas en la antiguedad, se adopt\u00f3 para popularizar el nacimiento de Cristo.<br \/>\nPara algunos historiadores la navidad historica podr\u00eda situarse entre abril y mayo, ya que,&nbsp;siguiendo el relato de Lucas 2,8 es poco probable que hubiese sucedido en invierno.<br \/>\nSeg\u00fan la tradici\u00f3n jud\u00eda, algunos expertos indican que Juan naci\u00f3 en marzo y Jes\u00fas seis meses despu\u00e9s, en septiembre.<\/address>\n<address>&nbsp;<\/address>\n<address><a href=\"http:\/\/www.esglesiarubi.org\/esglesia\/que-fem-%c2%bfque-hacemos\/navidad-20051225-186\/\" rel=\"attachment wp-att-88\"><img loading=\"lazy\" decoding=\"async\" class=\"alignnone wp-image-88\" src=\"http:\/\/www.esglesiarubi.org\/esglesia\/wp-content\/uploads\/2012\/02\/Navidad-20051225-186-1024x680.jpg\" alt=\"Navidad 20051225-186\" width=\"700\" height=\"500\"><\/a><\/address>\n<address>&nbsp;2005<\/address>\n<address>Durante la reforma protestante, la celebraci\u00f3n del nacimiento de Cristo fue prohibida por algunas iglesias protestantes debido a su relaci\u00f3n con el catolicismo y el paganismo antiguo.<br \/>\nEn el 1660 y tras disputas por el tema en Inglaterra, se puso fin a la prohibici\u00f3n.<br \/>\nEn 1820 y tambi\u00e9n en Inglaterra hubieron tensiones sectarias que preocupaban por la desaparici\u00f3n de la Navidad.<br \/>\nEl libro de Charles Dickens &#8220;un cuento de navidad&#8221; publicado en 1843, desempe\u00f1\u00f3 un papel importante en la restauraci\u00f3n de esta fiesta como celebraci\u00f3n familiar.<\/address>\n<p>&nbsp;<\/p>\n<address><strong>Culto fin de a\u00f1o<\/strong><br \/>\nNuestra comunidad dedica un dia no comprometido familiarmente al finalizar el a\u00f1o, para reunirse y despedir el a\u00f1o en oraci\u00f3n.<\/address>\n<p>&nbsp;<\/p>\n<address><strong>Semana de Oraci\u00f3n por la Unidad de los Cristianos<\/strong><\/address>\n<address>Al menos una vez al a\u00f1o, se invita a&nbsp; los cristianos a evocar la oraci\u00f3n de Jes\u00fas para sus disc\u00edpulos: \u00abpara que todos sean uno; [&#8230;]; para que el mundo crea [&#8230;]\u00bb (v\u00e9ase Juan 17,21). Los corazones se conmueven y los cristianos se re\u00fanen para orar por su unidad.&nbsp; Las congregaciones y parroquias de todo el mundo organizan intercambios de predicadores o celebraciones y cultos ecum\u00e9nicos especiales.&nbsp; El evento en el que tiene su origen esta experiencia \u00fanica es la Semana de oraci\u00f3n por la unidad de los cristianos<\/address>\n<address>Esta semana de oraci\u00f3n se celebra tradicionalmente del 18 al 25 de enero, entre las festividades de la confesi\u00f3n de San Pedro y la de la conversi\u00f3n de San Pablo.<\/address>\n<address>Nuestra comunidad coordina esta celebraci\u00f3n con el rector de la parroquia cat\u00f3lica de Sant Pere.<\/address>\n<address>&nbsp;<\/address>\n<address>&nbsp;<\/address>\n<address>&nbsp;<\/address>\n<address>Nota:<\/address>\n<address>Para ampliar las fotografias, puedes hacerlo simplemente clicando sobre cualquiera de ellas.<\/address>\n<address>&nbsp;<\/address>\n<address>&nbsp;<\/address>\n<address>&nbsp;<\/address>\n<address>&nbsp;<\/address>\n<p>&nbsp;<\/p>\n","protected":false},"excerpt":{"rendered":"<p>El culto Como comunidad, nuestro encuentro m\u00e1s importante es la celebraci\u00f3n del culto dominical.&nbsp;El culto de adoraci\u00f3n est\u00e1 centrado en la exposici\u00f3n de las Escrituras, por tanto todo estar\u00e1 centrado en los textos b\u00edblicos propuestos por el leccionario lit\u00fargico para cada domingo. El culto llama a la adoraci\u00f3n, es edificaci\u00f3n y da testimonio de nuestra &#8230; <span class=\"more\"><a class=\"more-link\" href=\"https:\/\/www.esglesiarubi.org\/esglesia\/que-fem-que-hacemos\/\">[Llegir m\u00e9s&#8230;]<\/a><\/span><\/p>\n","protected":false},"author":4,"featured_media":0,"parent":0,"menu_order":0,"comment_status":"open","ping_status":"open","template":"","meta":{"jetpack_post_was_ever_published":false,"footnotes":""},"class_list":["entry","page","publish","author-communitymanager","post-12"],"aioseo_notices":[],"jetpack_sharing_enabled":true,"jetpack_shortlink":"https:\/\/wp.me\/P8020h-c","_links":{"self":[{"href":"https:\/\/www.esglesiarubi.org\/esglesia\/wp-json\/wp\/v2\/pages\/12","targetHints":{"allow":["GET"]}}],"collection":[{"href":"https:\/\/www.esglesiarubi.org\/esglesia\/wp-json\/wp\/v2\/pages"}],"about":[{"href":"https:\/\/www.esglesiarubi.org\/esglesia\/wp-json\/wp\/v2\/types\/page"}],"author":[{"embeddable":true,"href":"https:\/\/www.esglesiarubi.org\/esglesia\/wp-json\/wp\/v2\/users\/4"}],"replies":[{"embeddable":true,"href":"https:\/\/www.esglesiarubi.org\/esglesia\/wp-json\/wp\/v2\/comments?post=12"}],"version-history":[{"count":0,"href":"https:\/\/www.esglesiarubi.org\/esglesia\/wp-json\/wp\/v2\/pages\/12\/revisions"}],"wp:attachment":[{"href":"https:\/\/www.esglesiarubi.org\/esglesia\/wp-json\/wp\/v2\/media?parent=12"}],"curies":[{"name":"wp","href":"https:\/\/api.w.org\/{rel}","templated":true}]}}