{"id":1166,"date":"2016-10-27T12:44:19","date_gmt":"2016-10-27T11:44:19","guid":{"rendered":"http:\/\/www.esglesiarubi.org\/esglesia\/?page_id=1166"},"modified":"2018-05-24T09:49:07","modified_gmt":"2018-05-24T08:49:07","slug":"contacte-amb-nosaltres","status":"publish","type":"page","link":"https:\/\/www.esglesiarubi.org\/esglesia\/contacte-amb-nosaltres\/","title":{"rendered":"Contacte"},"content":{"rendered":"<div data-test='contact-form' id='contact-form-1166' class='wp-block-jetpack-contact-form-container '>\n<form action='https:\/\/www.esglesiarubi.org\/esglesia\/contacte-amb-nosaltres\/#contact-form-1166' method='post' class='contact-form commentsblock' aria-label=\"Contacte\" novalidate>\n\n<div style=\"\" class='grunion-field-name-wrap grunion-field-wrap'  >\n<label\n\t\t\t\tfor='g1166-nom'\n\t\t\t\tclass='grunion-field-label name'>Nom<span class=\"grunion-label-required\" aria-hidden=\"true\">(necessari)<\/span><\/label>\n<input\n\t\t\t\t\ttype='text'\n\t\t\t\t\tname='g1166-nom'\n\t\t\t\t\tid='g1166-nom'\n\t\t\t\t\tvalue=''\n\t\t\t\t\tclass='name  grunion-field' \n\t\t\t\t\trequired aria-required='true' \/>\n\t<\/div>\n\n<div style=\"\" class='grunion-field-email-wrap grunion-field-wrap'  >\n<label\n\t\t\t\tfor='g1166-correuelectrnic'\n\t\t\t\tclass='grunion-field-label email'>Correu electr\u00f2nic<span class=\"grunion-label-required\" aria-hidden=\"true\">(necessari)<\/span><\/label>\n<input\n\t\t\t\t\ttype='email'\n\t\t\t\t\tname='g1166-correuelectrnic'\n\t\t\t\t\tid='g1166-correuelectrnic'\n\t\t\t\t\tvalue=''\n\t\t\t\t\tclass='email  grunion-field' \n\t\t\t\t\trequired aria-required='true' \/>\n\t<\/div>\n\n<div style=\"\" class='grunion-field-url-wrap grunion-field-wrap'  >\n<label\n\t\t\t\tfor='g1166-llocweb'\n\t\t\t\tclass='grunion-field-label url'>Lloc web<\/label>\n<input\n\t\t\t\t\ttype='text'\n\t\t\t\t\tname='g1166-llocweb'\n\t\t\t\t\tid='g1166-llocweb'\n\t\t\t\t\tvalue=''\n\t\t\t\t\tclass='url  grunion-field' \n\t\t\t\t\ttitle=\"Introdu\u00efu un URL v\u00e0lid - https:\/\/www.example.com\" oninvalid=\"setCustomValidity(&quot;Introdu\u00efu un URL v\u00e0lid - https:\/\/www.example.com&quot;)\" oninput=\"setCustomValidity(&quot;&quot;)\" pattern=\"(([:\\\/a-zA-Z0-9_\\-]+)?(\\.[a-zA-Z0-9_\\-\\\/]+)+)\" data-type-override=\"url\"  \/>\n\t<\/div>\n\n<div style=\"\" class='grunion-field-textarea-wrap grunion-field-wrap'  >\n<label\n\t\t\t\tfor='contact-form-comment-g1166-comentari'\n\t\t\t\tclass='grunion-field-label textarea'>Comentari<span class=\"grunion-label-required\" aria-hidden=\"true\">(necessari)<\/span><\/label>\n<textarea\n\t\t                style=''\n\t\t                name='g1166-comentari'\n\t\t                id='contact-form-comment-g1166-comentari'\n\t\t                rows='20' class='textarea  grunion-field'  required aria-required='true'><\/textarea>\n\t<\/div>\n\t<p class='contact-submit'>\n\t\t<button type='submit' class='pushbutton-wide'>Tramet<\/button>\t\t<input type='hidden' name='contact-form-id' value='1166' \/>\n\t\t<input type='hidden' name='action' value='grunion-contact-form' \/>\n\t\t<input type='hidden' name='contact-form-hash' value='2d4a0fd5f9a89b6a1259e34329f7c5a0a1094680' \/>\n\t<\/p>\n<p style=\"display: none !important;\" class=\"akismet-fields-container\" data-prefix=\"ak_\"><label>&#916;<textarea name=\"ak_hp_textarea\" cols=\"45\" rows=\"8\" maxlength=\"100\"><\/textarea><\/label><input type=\"hidden\" id=\"ak_js_1\" name=\"ak_js\" value=\"170\"\/><script>document.getElementById( \"ak_js_1\" ).setAttribute( \"value\", ( new Date() ).getTime() );<\/script><\/p><\/form>\n<\/div>\n<p><a href=\"http:\/\/www.esglesiarubi.org\/esglesia\/avisos-legales\/\">AVISOS LEGALES<\/a><br \/>\n<a href=\"http:\/\/www.esglesiarubi.org\/esglesia\/politica-de-cookies\/\">POL\u00cdTICA DE COOKIES<\/a><br \/>\n<a href=\"http:\/\/www.esglesiarubi.org\/esglesia\/politica-de-privacidad\/\">POL\u00cdTICA DE PRIVACIDAD<\/a><br \/>\n<a href=\"http:\/\/www.esglesiarubi.org\/esglesia\/politica-de-privadesa\/\">POL\u00cdTICA DE PRIVADESA<\/a><\/p>\n","protected":false},"excerpt":{"rendered":"<p>AVISOS LEGALES POL\u00cdTICA DE COOKIES POL\u00cdTICA DE PRIVACIDAD POL\u00cdTICA DE PRIVADESA<\/p>\n","protected":false},"author":3,"featured_media":0,"parent":0,"menu_order":0,"comment_status":"closed","ping_status":"closed","template":"","meta":{"jetpack_post_was_ever_published":false,"footnotes":""},"class_list":["entry","page","publish","author-pastorrubi","post-1166"],"aioseo_notices":[],"jetpack_sharing_enabled":true,"jetpack_shortlink":"https:\/\/wp.me\/P8020h-iO","_links":{"self":[{"href":"https:\/\/www.esglesiarubi.org\/esglesia\/wp-json\/wp\/v2\/pages\/1166","targetHints":{"allow":["GET"]}}],"collection":[{"href":"https:\/\/www.esglesiarubi.org\/esglesia\/wp-json\/wp\/v2\/pages"}],"about":[{"href":"https:\/\/www.esglesiarubi.org\/esglesia\/wp-json\/wp\/v2\/types\/page"}],"author":[{"embeddable":true,"href":"https:\/\/www.esglesiarubi.org\/esglesia\/wp-json\/wp\/v2\/users\/3"}],"replies":[{"embeddable":true,"href":"https:\/\/www.esglesiarubi.org\/esglesia\/wp-json\/wp\/v2\/comments?post=1166"}],"version-history":[{"count":0,"href":"https:\/\/www.esglesiarubi.org\/esglesia\/wp-json\/wp\/v2\/pages\/1166\/revisions"}],"wp:attachment":[{"href":"https:\/\/www.esglesiarubi.org\/esglesia\/wp-json\/wp\/v2\/media?parent=1166"}],"curies":[{"name":"wp","href":"https:\/\/api.w.org\/{rel}","templated":true}]}}